{"id":27554,"date":"2020-11-12T11:27:35","date_gmt":"2020-11-12T11:27:35","guid":{"rendered":"https:\/\/tienda.morganabarcelona.com\/index.php\/producto\/import-placeholder-for-20342\/"},"modified":"2020-12-14T17:34:36","modified_gmt":"2020-12-14T17:34:36","slug":"velon-proteccion","status":"publish","type":"product","link":"https:\/\/tienda.morganabarcelona.com\/index.php\/producto\/velon-proteccion\/","title":{"rendered":"Vel\u00f3n protecci\u00f3n"},"content":{"rendered":"<p>0221 &#8211; Vel\u00f3n protecci\u00f3n<\/p>\n","protected":false},"excerpt":{"rendered":"<p>0221 &#8211; Vel\u00f3n protecci\u00f3n<\/p>\n","protected":false},"featured_media":21053,"comment_status":"closed","ping_status":"closed","template":"","meta":{"jetpack_post_was_ever_published":false,"jetpack_publicize_message":"","jetpack_publicize_feature_enabled":true,"jetpack_social_post_already_shared":true,"jetpack_social_options":{"image_generator_settings":{"template":"highway","enabled":false}}},"product_cat":[94,95],"product_tag":[],"jetpack_publicize_connections":[],"jetpack_sharing_enabled":true,"_links":{"self":[{"href":"https:\/\/tienda.morganabarcelona.com\/index.php\/wp-json\/wp\/v2\/product\/27554"}],"collection":[{"href":"https:\/\/tienda.morganabarcelona.com\/index.php\/wp-json\/wp\/v2\/product"}],"about":[{"href":"https:\/\/tienda.morganabarcelona.com\/index.php\/wp-json\/wp\/v2\/types\/product"}],"replies":[{"embeddable":true,"href":"https:\/\/tienda.morganabarcelona.com\/index.php\/wp-json\/wp\/v2\/comments?post=27554"}],"wp:featuredmedia":[{"embeddable":true,"href":"https:\/\/tienda.morganabarcelona.com\/index.php\/wp-json\/wp\/v2\/media\/21053"}],"wp:attachment":[{"href":"https:\/\/tienda.morganabarcelona.com\/index.php\/wp-json\/wp\/v2\/media?parent=27554"}],"wp:term":[{"taxonomy":"product_cat","embeddable":true,"href":"https:\/\/tienda.morganabarcelona.com\/index.php\/wp-json\/wp\/v2\/product_cat?post=27554"},{"taxonomy":"product_tag","embeddable":true,"href":"https:\/\/tienda.morganabarcelona.com\/index.php\/wp-json\/wp\/v2\/product_tag?post=27554"}],"curies":[{"name":"wp","href":"https:\/\/api.w.org\/{rel}","templated":true}]}}