{"id":27436,"date":"2020-11-12T11:26:50","date_gmt":"2020-11-12T11:26:50","guid":{"rendered":"https:\/\/tienda.morganabarcelona.com\/index.php\/producto\/import-placeholder-for-20099\/"},"modified":"2020-11-12T11:26:52","modified_gmt":"2020-11-12T11:26:52","slug":"colgante-luna-pentaculo-pendulo","status":"publish","type":"product","link":"https:\/\/tienda.morganabarcelona.com\/index.php\/producto\/colgante-luna-pentaculo-pendulo\/","title":{"rendered":"Colgante Luna Pent\u00e1culo P\u00e9ndulo"},"content":{"rendered":"<p>0348-Colgante Luna Pent\u00e1culo P\u00e9ndulo 12\u20ac<\/p>\n","protected":false},"excerpt":{"rendered":"<p>0348-Colgante Luna Pent\u00e1culo P\u00e9ndulo 12\u20ac<\/p>\n","protected":false},"featured_media":20817,"comment_status":"closed","ping_status":"closed","template":"","meta":{"jetpack_post_was_ever_published":false,"jetpack_publicize_message":"","jetpack_publicize_feature_enabled":true,"jetpack_social_post_already_shared":true,"jetpack_social_options":{"image_generator_settings":{"template":"highway","enabled":false}}},"product_cat":[87],"product_tag":[],"jetpack_publicize_connections":[],"jetpack_sharing_enabled":true,"_links":{"self":[{"href":"https:\/\/tienda.morganabarcelona.com\/index.php\/wp-json\/wp\/v2\/product\/27436"}],"collection":[{"href":"https:\/\/tienda.morganabarcelona.com\/index.php\/wp-json\/wp\/v2\/product"}],"about":[{"href":"https:\/\/tienda.morganabarcelona.com\/index.php\/wp-json\/wp\/v2\/types\/product"}],"replies":[{"embeddable":true,"href":"https:\/\/tienda.morganabarcelona.com\/index.php\/wp-json\/wp\/v2\/comments?post=27436"}],"wp:featuredmedia":[{"embeddable":true,"href":"https:\/\/tienda.morganabarcelona.com\/index.php\/wp-json\/wp\/v2\/media\/20817"}],"wp:attachment":[{"href":"https:\/\/tienda.morganabarcelona.com\/index.php\/wp-json\/wp\/v2\/media?parent=27436"}],"wp:term":[{"taxonomy":"product_cat","embeddable":true,"href":"https:\/\/tienda.morganabarcelona.com\/index.php\/wp-json\/wp\/v2\/product_cat?post=27436"},{"taxonomy":"product_tag","embeddable":true,"href":"https:\/\/tienda.morganabarcelona.com\/index.php\/wp-json\/wp\/v2\/product_tag?post=27436"}],"curies":[{"name":"wp","href":"https:\/\/api.w.org\/{rel}","templated":true}]}}