{"id":27159,"date":"2020-11-12T11:25:21","date_gmt":"2020-11-12T11:25:21","guid":{"rendered":"https:\/\/tienda.morganabarcelona.com\/index.php\/producto\/import-placeholder-for-19515\/"},"modified":"2020-11-12T11:25:23","modified_gmt":"2020-11-12T11:25:23","slug":"pulsera-arbol-de-la-vida-acero-quirurgico-y-cuerda-2","status":"publish","type":"product","link":"https:\/\/tienda.morganabarcelona.com\/index.php\/producto\/pulsera-arbol-de-la-vida-acero-quirurgico-y-cuerda-2\/","title":{"rendered":"Pulsera \u00c1rbol de la vida Acero quir\u00fargico y cuerda"},"content":{"rendered":"<p>0784-Pulsera \u00c1rbol de la vida Acero quir\u00fargico y cuerda .8\u20ac<\/p>\n","protected":false},"excerpt":{"rendered":"<p>0784-Pulsera \u00c1rbol de la vida Acero quir\u00fargico y cuerda .8\u20ac<\/p>\n","protected":false},"featured_media":20254,"comment_status":"closed","ping_status":"closed","template":"","meta":{"jetpack_post_was_ever_published":false,"jetpack_publicize_message":"","jetpack_publicize_feature_enabled":true,"jetpack_social_post_already_shared":true,"jetpack_social_options":{"image_generator_settings":{"template":"highway","enabled":false}}},"product_cat":[78,91],"product_tag":[],"jetpack_publicize_connections":[],"jetpack_sharing_enabled":true,"_links":{"self":[{"href":"https:\/\/tienda.morganabarcelona.com\/index.php\/wp-json\/wp\/v2\/product\/27159"}],"collection":[{"href":"https:\/\/tienda.morganabarcelona.com\/index.php\/wp-json\/wp\/v2\/product"}],"about":[{"href":"https:\/\/tienda.morganabarcelona.com\/index.php\/wp-json\/wp\/v2\/types\/product"}],"replies":[{"embeddable":true,"href":"https:\/\/tienda.morganabarcelona.com\/index.php\/wp-json\/wp\/v2\/comments?post=27159"}],"wp:featuredmedia":[{"embeddable":true,"href":"https:\/\/tienda.morganabarcelona.com\/index.php\/wp-json\/wp\/v2\/media\/20254"}],"wp:attachment":[{"href":"https:\/\/tienda.morganabarcelona.com\/index.php\/wp-json\/wp\/v2\/media?parent=27159"}],"wp:term":[{"taxonomy":"product_cat","embeddable":true,"href":"https:\/\/tienda.morganabarcelona.com\/index.php\/wp-json\/wp\/v2\/product_cat?post=27159"},{"taxonomy":"product_tag","embeddable":true,"href":"https:\/\/tienda.morganabarcelona.com\/index.php\/wp-json\/wp\/v2\/product_tag?post=27159"}],"curies":[{"name":"wp","href":"https:\/\/api.w.org\/{rel}","templated":true}]}}