{"id":19402,"date":"2015-05-27T11:40:19","date_gmt":"2015-05-27T11:40:19","guid":{"rendered":"http:\/\/tienda.morganabarcelona.com\/?page_id=2"},"modified":"2020-12-22T11:10:12","modified_gmt":"2020-12-22T11:10:12","slug":"about","status":"publish","type":"page","link":"https:\/\/tienda.morganabarcelona.com\/index.php\/about\/","title":{"rendered":"Sobre nosotros"},"content":{"rendered":"<p><img loading=\"lazy\" decoding=\"async\" class=\"wp-image-9 aligncenter\" src=\"http:\/\/tienda.morganabarcelona.com\/wp-content\/uploads\/2018\/10\/cropped-cropped-cropped-cropped-11703215_719995401477996_4241483967995167944_n-2-300x108.jpg\" alt=\"\" width=\"531\" height=\"191\" srcset=\"https:\/\/tienda.morganabarcelona.com\/wp-content\/uploads\/2018\/10\/cropped-cropped-cropped-cropped-11703215_719995401477996_4241483967995167944_n-2-300x108.jpg 300w, https:\/\/tienda.morganabarcelona.com\/wp-content\/uploads\/2018\/10\/cropped-cropped-cropped-cropped-11703215_719995401477996_4241483967995167944_n-2-600x216.jpg 600w, https:\/\/tienda.morganabarcelona.com\/wp-content\/uploads\/2018\/10\/cropped-cropped-cropped-cropped-11703215_719995401477996_4241483967995167944_n-2-768x276.jpg 768w, https:\/\/tienda.morganabarcelona.com\/wp-content\/uploads\/2018\/10\/cropped-cropped-cropped-cropped-11703215_719995401477996_4241483967995167944_n-2-1024x368.jpg 1024w, https:\/\/tienda.morganabarcelona.com\/wp-content\/uploads\/2018\/10\/cropped-cropped-cropped-cropped-11703215_719995401477996_4241483967995167944_n-2-400x144.jpg 400w, https:\/\/tienda.morganabarcelona.com\/wp-content\/uploads\/2018\/10\/cropped-cropped-cropped-cropped-11703215_719995401477996_4241483967995167944_n-2.jpg 1200w\" sizes=\"(max-width: 531px) 100vw, 531px\" \/><\/p>\n<p style=\"text-align: justify;\">&#8220;El Caldero de Morganna&#8221; es una tienda online donde podr\u00e1s encontrar art\u00edculos relacionados con el Esoterismo, Paraciencias, New Age, Wicca, Minerales, etc.<\/p>\n<p style=\"text-align: justify;\">Para comprar on line o en nuestro local de la C\/Santa Coloma 40, local. 08030 Barcelona (Sant Andreu). Tel\u00e9fonos: 93.171.28.88\/640.67.95.18. El horario de atenci\u00f3n tel\u00e9fonica es de martes a viernes, de 15 a 16 horas.<\/p>\n<p style=\"text-align: justify;\">ENV\u00cdO GRATU\u00cdTO A PARTIR DE LOS 200\u20ac.<\/p>\n<p style=\"text-align: justify;\">En cumplimiento del art\u00edculo 10 de la Ley 34\/2002, del 11 de julio, de servicios de la Sociedad de la Informaci\u00f3n y Comercio Electr\u00f3nico (LSSICE) se exponen a continuaci\u00f3n los datos identificativos de la empresa.<\/p>\n<p style=\"text-align: justify;\"><strong>Denominaci\u00f3n Social :<\/strong> Arcannum Asociaci\u00f3n Cultural.<br \/>\n<strong>Local:<\/strong> C\/Santa Coloma 40, local. 08030 Barcelona (Sant Andreu) (Espa\u00f1a).<br \/>\n<strong>CIF:<\/strong> G65911265<br \/>\n<strong>E-mail:<\/strong>\u00a0 arcannum@gmail.com<br \/>\n<strong>Tel\u00e9fono:<\/strong>\u00a0 93.171.28.88\/640.67.95.18<br \/>\n<strong>Horario de Atenci\u00f3n Telef\u00f3nica:<\/strong>\u00a0 11:00 a 13:00 h. (de martes a viernes)<\/p>\n<p style=\"text-align: justify;\">&#8220;El Caldero de Morganna&#8221; y Arcannum no pueden asumir ninguna responsabilidad derivada del uso incorrecto, inapropiado o il\u00edcito de la informaci\u00f3n aparecida en este website.<\/p>\n<p style=\"text-align: justify;\"><strong>Condiciones de Uso:<\/strong><\/p>\n<p style=\"text-align: justify;\">El c\u00f3digo fuente, los dise\u00f1os gr\u00e1ficos, las im\u00e1genes, las animaciones, el software, los textos, as\u00ed como la informaci\u00f3n y los contenidos que se recogen en &#8220;El Caldero de Morganna&#8221; son de propiedad exclusiva y bajo ning\u00fan concepto se permite la reproducci\u00f3n y\/o publicaci\u00f3n total o parcial del sitio web ni su tratamiento inform\u00e1tico, su distribuci\u00f3n, su comunicaci\u00f3n p\u00fablica ni su modificaci\u00f3n o transformaci\u00f3n sin el permiso previo y por escrito de la empresa.<br \/>\nEl usuario puede utilizar el material que aparezca en este sitio web \u00fanica y exclusivamente para su uso personal y privado, quedando totalmente prohibida su utilizaci\u00f3n con fines comerciales o para incurrir en actividades ilegales. Estos derechos est\u00e1n amparados por la ley espa\u00f1ola y pueden ser constitutivos de causa en actuaciones legales.<\/p>\n<p style=\"text-align: justify;\"><strong>Coste del env\u00edo:<\/strong><\/p>\n<p style=\"text-align: justify;\">El coste del env\u00edo es seg\u00fan las tarifas vigentes de nuestro proveedor de mensajer\u00eda. En caso de que los paquetes <span style=\"color: #0000ff;\"><strong>excedan los 5kg.<\/strong><\/span> el\u00a0coste var\u00eda seg\u00fan tarifa, por lo que nos pondremos en contacto con el cliente para notific\u00e1rselo.<\/p>\n<p class=\"solapas\" style=\"text-align: justify;\"><strong>Informaci\u00f3n de productos:<\/strong><\/p>\n<p style=\"text-align: justify;\">Si tienes alguna duda antes de comprar cualquiera de nuestros productos cons\u00faltanos a trav\u00e9s de nuestro <a href=\"http:\/\/tienda.morganabarcelona.com\/index.php\/contacto\/\" target=\"_blank\" rel=\"noopener noreferrer\"><strong>correo electr\u00f3nico<\/strong><\/a>, por tel\u00e9fono o viniendo a vernos a la C\/Santa Coloma 40, local. 08030 Barcelona (Sant Andreu). Si cualquiera de los productos se agotara y no pudi\u00e9ramos envi\u00e1rtelo en el plazo acordado nos pondr\u00edamos en contacto contigo para informarte del retraso en tu env\u00edo.<\/p>\n<p class=\"solapas\" style=\"text-align: justify;\"><strong>Responsabilidades:<\/strong><\/p>\n<p style=\"text-align: justify;\">&#8220;El Caldero de Morganna&#8221; es una tienda virtual s\u00f3lo para personas mayores de 18 a\u00f1os. Si no tienes la mayor\u00eda de edad por favor abandona la tienda virtual. La realizaci\u00f3n de cualquier pedido supone que has le\u00eddo y aceptado las presentes condiciones de uso. Nuestra empresa se reserva el derecho de modificar los precios sin notificaci\u00f3n previa y todos los productos son vendidos dependiendo de nuestra disponibilidad en stock.<\/p>\n<p class=\"solapas\" style=\"text-align: justify;\"><strong>Dudas y Comentarios:<\/strong><\/p>\n<p style=\"text-align: justify;\">Si tienes cualquier sugerencia, comentario o alguna duda acerca de cualquiera de los productos de nuestra tienda, por favor escr\u00edbenos mediante <a href=\"http:\/\/tienda.morganabarcelona.com\/index.php\/contacto\/\" target=\"_blank\" rel=\"noopener noreferrer\"><strong>correo electr\u00f3nico<\/strong><\/a>, por tel\u00e9fono o viniendo a vernos a la C\/Santa Coloma 40, local. 08030 Barcelona (Sant Andreu).<\/p>\n<p style=\"text-align: justify;\"><strong>Confidencialidad y protecci\u00f3n de datos:<\/strong><\/p>\n<p style=\"text-align: justify;\">En cumplimiento de la actual Ley de Protecci\u00f3n de Datos de Car\u00e1cter Personal (Ley 15\/99), &#8220;El Caldero de Morganna&#8221; no facilitar\u00e1 ninguna informaci\u00f3n a terceros sin una autorizaci\u00f3n expresa de los usuarios registrados y garantiza la confidencialidad en el tratamiento de los datos de car\u00e1cter personal que se solicitan a trav\u00e9s de esta web.<\/p>\n<p style=\"text-align: justify;\">Los datos personales que el usuario brinde libremente a &#8220;El Caldero de Morganna&#8221; , tales como nombres, fecha de nacimiento, domicilio, numero telef\u00f3nico, pa\u00eds, codigo postal, correo electronico y\/o cualquier otro, cuando ello sea necesario para brindarle un servicio espec\u00edfico, son incluidos en archivos automatizados, procesados bajo normas de estricta confidencialidad y protecci\u00f3n de datos.<\/p>\n<p style=\"text-align: justify;\" align=\"justify\">La informaci\u00f3n es utilizada por &#8220;El Caldero de Morganna&#8221; con el \u00fanico objeto de mejorar los servicios prestados a sus usuarios y podr\u00e1 ser utilizada con fines comerciales o estad\u00edsticos exclusivamente por nosotros.<\/p>\n<p style=\"text-align: justify;\" align=\"justify\">&#8220;El Caldero de Morganna&#8221; no comparte, suministra o informa respecto de los datos personales de los usuarios a los anunciantes o terceros.<\/p>\n<p style=\"text-align: justify;\" align=\"justify\">La informacion personal obtenida del usuario no sera revelada a terceras personas sin su consentimiento previo, salvo requerimiento de autoridad competente.<\/p>\n<p style=\"text-align: justify;\" align=\"justify\">El usuario podr\u00e1, en cualquier momento, informar cualquier actualizaci\u00f3n de sus datos personales, incluyendo la supresi\u00f3n, rectificaci\u00f3n o cancelaci\u00f3n de los mismos, accediendo al formulario on-line destinado al efecto en el portal.<\/p>\n<p style=\"text-align: justify;\" align=\"justify\">&#8220;El Caldero de Morganna&#8221; utiliza archivos que el navegador del usuario guarda autom\u00e1ticamente en su disco duro para mejorar y facilitar la navegaci\u00f3n; en ning\u00fan caso los archivos -cookies- pueden leer informaci\u00f3n de su disco duro o archivos creados por otros sitios. Si no desea que su navegador acepte autom\u00e1ticamente los cookies, puede cambiar esa condici\u00f3n modificando las opciones del navegador.<\/p>\n<p style=\"text-align: justify;\" align=\"justify\">Los servicios de emisi\u00f3n de informaci\u00f3n a nuestros usuarios v\u00eda correo electr\u00f3nico cuentan con la autorizaci\u00f3n expresa del usuario, y en el caso de no desear recibir este tipo de informaci\u00f3n podr\u00e1 informarlo para ser autom\u00e1ticamente eliminado del listado de distribuci\u00f3n.<\/p>\n<p style=\"text-align: justify;\" align=\"justify\">La utilizaci\u00f3n de cualquiera de los servicios de &#8220;El Caldero de Morganna&#8221; ser\u00e1 considerado como aceptaci\u00f3n de los t\u00e9rminos de esta Pol\u00edtica de Privacidad por parte del usuario.<\/p>\n<p style=\"text-align: justify;\" align=\"justify\">Para cualquier aclaracion o comentario puedes dirigirte a &#8220;El Caldero de Morganna&#8221; mediante <a class=\"textoarticulo\" href=\"http:\/\/tienda.morganabarcelona.com\/index.php\/contacto\/\" target=\"_blank\" rel=\"noopener noreferrer\"><strong>correo electr\u00f3nico<\/strong><\/a>, por tel\u00e9fono o viniendo a vernos a la C\/Santa Coloma 40, local. 08030 Barcelona (Sant Andreu).<\/p>\n<p style=\"text-align: center;\" align=\"justify\">La web est\u00e1 registrada en Safe Creative con el n\u00ba de registro\u00a01507224695375<\/p>\n<p style=\"text-align: center;\"><span style=\"color: #000000;\"><a style=\"color: #000000;\" href=\"http:\/\/www.safecreative.org\/work\/1507224695375\" target=\"_blank\" rel=\"noopener noreferrer\">http:\/\/www.safecreative.org\/work\/1507224695375<\/a><\/span><\/p>\n<p style=\"text-align: center;\" align=\"justify\"><a href=\"http:\/\/tienda.morganabarcelona.com\/wp-content\/uploads\/2015\/05\/1507224695375.barcode-150.default.png\"><img loading=\"lazy\" decoding=\"async\" class=\"aligncenter size-full wp-image-41\" src=\"http:\/\/tienda.morganabarcelona.com\/wp-content\/uploads\/2015\/05\/1507224695375.barcode-150.default.png\" alt=\"1507224695375.barcode-150.default\" width=\"474\" height=\"115\" srcset=\"https:\/\/tienda.morganabarcelona.com\/wp-content\/uploads\/2015\/05\/1507224695375.barcode-150.default.png 474w, https:\/\/tienda.morganabarcelona.com\/wp-content\/uploads\/2015\/05\/1507224695375.barcode-150.default-300x73.png 300w, https:\/\/tienda.morganabarcelona.com\/wp-content\/uploads\/2015\/05\/1507224695375.barcode-150.default-400x97.png 400w\" sizes=\"(max-width: 474px) 100vw, 474px\" \/><\/a><\/p>\n","protected":false},"excerpt":{"rendered":"<p>&#8220;El Caldero de Morganna&#8221; es una tienda online donde podr\u00e1s encontrar art\u00edculos relacionados con el Esoterismo, Paraciencias, New Age, Wicca, Minerales, etc. Para comprar on line o en nuestro local [&hellip;]<\/p>\n","protected":false},"author":1,"featured_media":0,"parent":0,"menu_order":1,"comment_status":"open","ping_status":"closed","template":"","meta":{"jetpack_post_was_ever_published":false,"footnotes":""},"jetpack_sharing_enabled":true,"jetpack_shortlink":"https:\/\/wp.me\/PamOC4-52W","_links":{"self":[{"href":"https:\/\/tienda.morganabarcelona.com\/index.php\/wp-json\/wp\/v2\/pages\/19402"}],"collection":[{"href":"https:\/\/tienda.morganabarcelona.com\/index.php\/wp-json\/wp\/v2\/pages"}],"about":[{"href":"https:\/\/tienda.morganabarcelona.com\/index.php\/wp-json\/wp\/v2\/types\/page"}],"author":[{"embeddable":true,"href":"https:\/\/tienda.morganabarcelona.com\/index.php\/wp-json\/wp\/v2\/users\/1"}],"replies":[{"embeddable":true,"href":"https:\/\/tienda.morganabarcelona.com\/index.php\/wp-json\/wp\/v2\/comments?post=19402"}],"version-history":[{"count":7,"href":"https:\/\/tienda.morganabarcelona.com\/index.php\/wp-json\/wp\/v2\/pages\/19402\/revisions"}],"predecessor-version":[{"id":27051,"href":"https:\/\/tienda.morganabarcelona.com\/index.php\/wp-json\/wp\/v2\/pages\/19402\/revisions\/27051"}],"wp:attachment":[{"href":"https:\/\/tienda.morganabarcelona.com\/index.php\/wp-json\/wp\/v2\/media?parent=19402"}],"curies":[{"name":"wp","href":"https:\/\/api.w.org\/{rel}","templated":true}]}}